{"id":91,"date":"2023-02-09T09:48:32","date_gmt":"2023-02-09T12:48:32","guid":{"rendered":"https:\/\/winplay.com.br\/?page_id=91"},"modified":"2023-02-09T11:44:44","modified_gmt":"2023-02-09T14:44:44","slug":"ganhadores","status":"publish","type":"page","link":"https:\/\/winplay.com.br\/en\/ganhadores\/","title":{"rendered":"Ganhadores"},"content":{"rendered":"<div data-elementor-type=\"wp-page\" data-elementor-id=\"91\" class=\"elementor elementor-91\">\n\t\t\t\t\t\t\t\t\t<section class=\"elementor-section elementor-top-section elementor-element elementor-element-54b10a59 elementor-section-boxed elementor-section-height-default elementor-section-height-default wpr-particle-no wpr-jarallax-no wpr-parallax-no wpr-sticky-section-no\" data-id=\"54b10a59\" data-element_type=\"section\" data-settings=\"{&quot;background_background&quot;:&quot;classic&quot;}\">\n\t\t\t\t\t\t<div class=\"elementor-container elementor-column-gap-default\">\n\t\t\t\t\t<div class=\"elementor-column elementor-col-100 elementor-top-column elementor-element elementor-element-2917adbd\" data-id=\"2917adbd\" data-element_type=\"column\">\n\t\t\t<div class=\"elementor-widget-wrap elementor-element-populated\">\n\t\t\t\t\t\t\t\t<div class=\"elementor-element elementor-element-2640c31b elementor-widget elementor-widget-spacer\" data-id=\"2640c31b\" data-element_type=\"widget\" data-widget_type=\"spacer.default\">\n\t\t\t\t<div class=\"elementor-widget-container\">\n\t\t\t<style>\/*! elementor - v3.15.0 - 20-08-2023 *\/\n.elementor-column .elementor-spacer-inner{height:var(--spacer-size)}.e-con{--container-widget-width:100%}.e-con-inner>.elementor-widget-spacer,.e-con>.elementor-widget-spacer{width:var(--container-widget-width,var(--spacer-size));--align-self:var(--container-widget-align-self,initial);--flex-shrink:0}.e-con-inner>.elementor-widget-spacer>.elementor-widget-container,.e-con-inner>.elementor-widget-spacer>.elementor-widget-container>.elementor-spacer,.e-con>.elementor-widget-spacer>.elementor-widget-container,.e-con>.elementor-widget-spacer>.elementor-widget-container>.elementor-spacer{height:100%}.e-con-inner>.elementor-widget-spacer>.elementor-widget-container>.elementor-spacer>.elementor-spacer-inner,.e-con>.elementor-widget-spacer>.elementor-widget-container>.elementor-spacer>.elementor-spacer-inner{height:var(--container-widget-height,var(--spacer-size))}<\/style>\t\t<div class=\"elementor-spacer\">\n\t\t\t<div class=\"elementor-spacer-inner\"><\/div>\n\t\t<\/div>\n\t\t\t\t<\/div>\n\t\t\t\t<\/div>\n\t\t\t\t<div class=\"elementor-element elementor-element-3469ba90 elementor-widget elementor-widget-heading\" data-id=\"3469ba90\" data-element_type=\"widget\" data-widget_type=\"heading.default\">\n\t\t\t\t<div class=\"elementor-widget-container\">\n\t\t\t<style>\/*! elementor - v3.15.0 - 20-08-2023 *\/\n.elementor-heading-title{padding:0;margin:0;line-height:1}.elementor-widget-heading .elementor-heading-title[class*=elementor-size-]>a{color:inherit;font-size:inherit;line-height:inherit}.elementor-widget-heading .elementor-heading-title.elementor-size-small{font-size:15px}.elementor-widget-heading .elementor-heading-title.elementor-size-medium{font-size:19px}.elementor-widget-heading .elementor-heading-title.elementor-size-large{font-size:29px}.elementor-widget-heading .elementor-heading-title.elementor-size-xl{font-size:39px}.elementor-widget-heading .elementor-heading-title.elementor-size-xxl{font-size:59px}<\/style><h1 class=\"elementor-heading-title elementor-size-default\">conhe\u00e7a os ganhadores<\/h1>\t\t<\/div>\n\t\t\t\t<\/div>\n\t\t\t\t<div class=\"elementor-element elementor-element-367d8570 elementor-widget elementor-widget-spacer\" data-id=\"367d8570\" data-element_type=\"widget\" data-widget_type=\"spacer.default\">\n\t\t\t\t<div class=\"elementor-widget-container\">\n\t\t\t\t\t<div class=\"elementor-spacer\">\n\t\t\t<div class=\"elementor-spacer-inner\"><\/div>\n\t\t<\/div>\n\t\t\t\t<\/div>\n\t\t\t\t<\/div>\n\t\t\t\t\t<\/div>\n\t\t<\/div>\n\t\t\t\t\t\t\t<\/div>\n\t\t<\/section>\n\t\t\t\t<section class=\"elementor-section elementor-top-section elementor-element elementor-element-3c29784a elementor-section-boxed elementor-section-height-default elementor-section-height-default wpr-particle-no wpr-jarallax-no wpr-parallax-no wpr-sticky-section-no\" data-id=\"3c29784a\" data-element_type=\"section\">\n\t\t\t\t\t\t<div class=\"elementor-container elementor-column-gap-wide\">\n\t\t\t\t\t<div class=\"elementor-column elementor-col-66 elementor-top-column elementor-element elementor-element-da850ee\" data-id=\"da850ee\" data-element_type=\"column\">\n\t\t\t<div class=\"elementor-widget-wrap elementor-element-populated\">\n\t\t\t\t\t\t\t\t<div class=\"elementor-element elementor-element-73677720 premium-blog-align-left elementor-widget elementor-widget-premium-addon-blog\" data-id=\"73677720\" data-element_type=\"widget\" data-settings=\"{&quot;premium_blog_grid&quot;:&quot;yes&quot;,&quot;premium_blog_layout&quot;:&quot;even&quot;,&quot;premium_blog_columns_number&quot;:&quot;50%&quot;,&quot;premium_blog_columns_number_tablet&quot;:&quot;50%&quot;,&quot;premium_blog_columns_number_mobile&quot;:&quot;100%&quot;,&quot;scroll_to_offset&quot;:&quot;yes&quot;}\" data-widget_type=\"premium-addon-blog.default\">\n\t\t\t\t<div class=\"elementor-widget-container\">\n\t\t\t\r\n\t\t\t\t<div class=\"premium-blog-wrap  premium-blog-even\" data-page=\"91\" data-pagination=\"true\">\r\n\t\t\t\t\t<div class=\"premium-blog-post-outer-container\" data-total=\"2\">\n\t\t\t<div class=\"premium-blog-post-container premium-blog-skin-classic\">\n\t\t\t\t\t\t\t\t\t<div class=\"premium-blog-thumb-effect-wrapper\">\n\t\t\t\t\t\t<div class=\"premium-blog-thumbnail-container premium-blog-zoomin-effect\">\n\t\t\t\t\t\t\t<img loading=\"lazy\" decoding=\"async\" width=\"768\" height=\"402\" src=\"https:\/\/winplay.com.br\/wp-content\/uploads\/2023\/02\/Ganhadora-01-2023-768x402.jpg\" class=\"attachment-medium_large size-medium_large wp-image-185\" alt=\"\" srcset=\"https:\/\/winplay.com.br\/wp-content\/uploads\/2023\/02\/Ganhadora-01-2023-768x402.jpg 768w, https:\/\/winplay.com.br\/wp-content\/uploads\/2023\/02\/Ganhadora-01-2023-300x157.jpg 300w, https:\/\/winplay.com.br\/wp-content\/uploads\/2023\/02\/Ganhadora-01-2023-1024x536.jpg 1024w, https:\/\/winplay.com.br\/wp-content\/uploads\/2023\/02\/Ganhadora-01-2023.jpg 1200w\" sizes=\"auto, (max-width: 768px) 100vw, 768px\" \/>\t\t\t\t\t\t<\/div>\n\t\t\t\t\t\t\t\t\t\t\t\t\t<div class=\"premium-blog-thumbnail-overlay\">\n\t\t\t\t\t\t\t\t<a class=\"elementor-icon\" href=\"https:\/\/winplay.com.br\/en\/forno-eletrico-britania-com-dourador-40l\/\" target=\"_self\" aria-hidden=\"true\"><span>Forno el\u00e9trico Brit\u00e2nia com dourador 40L<\/span><\/a>\n\t\t\t\t\t\t\t<\/div>\n\t\t\t\t\t\t\t\t\t\t\t<\/div>\n\t\t\t\t\t\t\t\t\t\t\t\t<div class=\"premium-blog-content-wrapper\">\n\n\t\t\t\t\t<div class=\"premium-blog-inner-container\">\n\n\t\t\t\t\t\t\t\t\t\t\t\t\t\t<h2 class=\"premium-blog-entry-title\">\n\t\t\t<a href=\"https:\/\/winplay.com.br\/en\/forno-eletrico-britania-com-dourador-40l\/\" target=\"_self\">\n\t\t\t\tForno el\u00e9trico Brit\u00e2nia com dourador 40L\t\t\t<\/a>\n\t\t<\/h2>\n\t\t\t\t<div class=\"premium-blog-entry-meta\">\n\t\t\t\n\t\t\t\n\t\t\t\n\t\t\t\t\t<\/div>\n\t\t\n\t\t\t\t\t<\/div>\n\n\t\t\t\t\t\t\t<div class=\"premium-blob-content-inner-wrapper\">\n\t\t<p class=\"premium-blog-post-content\">Forno el\u00e9trico Brit\u00e2nia &#8211; 40L Ol\u00e1, galera da Winpay!!! Conforme regulamento, chegamos ao resultado atrav\u00e9s do concurso\u00a0N\u00ba 5734\u00a0do dia 25\/01\/2023, da loteria \u2026<\/p>\t\t <\/div>\n\t\t \t\t\t\t\t\n\t\t\t\t<\/div>\n\t\t\t<\/div>\n\t\t<\/div>\n\n\t\t\t\t<div class=\"premium-blog-post-outer-container\" data-total=\"2\">\n\t\t\t<div class=\"premium-blog-post-container premium-blog-skin-classic\">\n\t\t\t\t\t\t\t\t\t<div class=\"premium-blog-thumb-effect-wrapper\">\n\t\t\t\t\t\t<div class=\"premium-blog-thumbnail-container premium-blog-zoomin-effect\">\n\t\t\t\t\t\t\t<img loading=\"lazy\" decoding=\"async\" width=\"768\" height=\"402\" src=\"https:\/\/winplay.com.br\/wp-content\/uploads\/2023\/02\/Ganhadora-12-2022-768x402.jpg\" class=\"attachment-medium_large size-medium_large wp-image-293\" alt=\"\" srcset=\"https:\/\/winplay.com.br\/wp-content\/uploads\/2023\/02\/Ganhadora-12-2022-768x402.jpg 768w, https:\/\/winplay.com.br\/wp-content\/uploads\/2023\/02\/Ganhadora-12-2022-300x157.jpg 300w, https:\/\/winplay.com.br\/wp-content\/uploads\/2023\/02\/Ganhadora-12-2022-1024x536.jpg 1024w, https:\/\/winplay.com.br\/wp-content\/uploads\/2023\/02\/Ganhadora-12-2022.jpg 1200w\" sizes=\"auto, (max-width: 768px) 100vw, 768px\" \/>\t\t\t\t\t\t<\/div>\n\t\t\t\t\t\t\t\t\t\t\t\t\t<div class=\"premium-blog-thumbnail-overlay\">\n\t\t\t\t\t\t\t\t<a class=\"elementor-icon\" href=\"https:\/\/winplay.com.br\/en\/ar-condicionado-split-9-000btus\/\" target=\"_self\" aria-hidden=\"true\"><span>Ar-condicionado Split 9.000BTUs<\/span><\/a>\n\t\t\t\t\t\t\t<\/div>\n\t\t\t\t\t\t\t\t\t\t\t<\/div>\n\t\t\t\t\t\t\t\t\t\t\t\t<div class=\"premium-blog-content-wrapper\">\n\n\t\t\t\t\t<div class=\"premium-blog-inner-container\">\n\n\t\t\t\t\t\t\t\t\t\t\t\t\t\t<h2 class=\"premium-blog-entry-title\">\n\t\t\t<a href=\"https:\/\/winplay.com.br\/en\/ar-condicionado-split-9-000btus\/\" target=\"_self\">\n\t\t\t\tAr-condicionado Split 9.000BTUs\t\t\t<\/a>\n\t\t<\/h2>\n\t\t\t\t<div class=\"premium-blog-entry-meta\">\n\t\t\t\n\t\t\t\n\t\t\t\n\t\t\t\t\t<\/div>\n\t\t\n\t\t\t\t\t<\/div>\n\n\t\t\t\t\t\t\t<div class=\"premium-blob-content-inner-wrapper\">\n\t\t<p class=\"premium-blog-post-content\">AR-CONDICIONADO SPLIT AGRATTO &#8211; 9.000 BTUS Ol\u00e1, Galera Da Winpay!!! Conforme Regulamento, Chegamos Ao Resultado Atrav\u00e9s Do Concurso\u00a0N\u00ba 5722\u00a0Do Dia 07\/12\/2022, Da \u2026<\/p>\t\t <\/div>\n\t\t \t\t\t\t\t\n\t\t\t\t<\/div>\n\t\t\t<\/div>\n\t\t<\/div>\n\n\t\t\t\t<div class=\"premium-blog-post-outer-container\" data-total=\"2\">\n\t\t\t<div class=\"premium-blog-post-container premium-blog-skin-classic\">\n\t\t\t\t\t\t\t\t\t<div class=\"premium-blog-thumb-effect-wrapper\">\n\t\t\t\t\t\t<div class=\"premium-blog-thumbnail-container premium-blog-zoomin-effect\">\n\t\t\t\t\t\t\t<img loading=\"lazy\" decoding=\"async\" width=\"768\" height=\"402\" src=\"https:\/\/winplay.com.br\/wp-content\/uploads\/2023\/02\/Ganhadora-09_2022-768x402.jpg\" class=\"attachment-medium_large size-medium_large wp-image-286\" alt=\"\" srcset=\"https:\/\/winplay.com.br\/wp-content\/uploads\/2023\/02\/Ganhadora-09_2022-768x402.jpg 768w, https:\/\/winplay.com.br\/wp-content\/uploads\/2023\/02\/Ganhadora-09_2022-300x157.jpg 300w, https:\/\/winplay.com.br\/wp-content\/uploads\/2023\/02\/Ganhadora-09_2022-1024x536.jpg 1024w, https:\/\/winplay.com.br\/wp-content\/uploads\/2023\/02\/Ganhadora-09_2022.jpg 1200w\" sizes=\"auto, (max-width: 768px) 100vw, 768px\" \/>\t\t\t\t\t\t<\/div>\n\t\t\t\t\t\t\t\t\t\t\t\t\t<div class=\"premium-blog-thumbnail-overlay\">\n\t\t\t\t\t\t\t\t<a class=\"elementor-icon\" href=\"https:\/\/winplay.com.br\/en\/cervejeira-consul-titanium-vertial-82l-conheca-o-vencedora\/\" target=\"_self\" aria-hidden=\"true\"><span>Cervejeira Consul Titanium Vertial, 82L \u2013 Conhe\u00e7a o Vencedor(a)<\/span><\/a>\n\t\t\t\t\t\t\t<\/div>\n\t\t\t\t\t\t\t\t\t\t\t<\/div>\n\t\t\t\t\t\t\t\t\t\t\t\t<div class=\"premium-blog-content-wrapper\">\n\n\t\t\t\t\t<div class=\"premium-blog-inner-container\">\n\n\t\t\t\t\t\t\t\t\t\t\t\t\t\t<h2 class=\"premium-blog-entry-title\">\n\t\t\t<a href=\"https:\/\/winplay.com.br\/en\/cervejeira-consul-titanium-vertial-82l-conheca-o-vencedora\/\" target=\"_self\">\n\t\t\t\tCervejeira Consul Titanium Vertial, 82L \u2013 Conhe\u00e7a o Vencedor(a)\t\t\t<\/a>\n\t\t<\/h2>\n\t\t\t\t<div class=\"premium-blog-entry-meta\">\n\t\t\t\n\t\t\t\n\t\t\t\n\t\t\t\t\t<\/div>\n\t\t\n\t\t\t\t\t<\/div>\n\n\t\t\t\t\t\t\t<div class=\"premium-blob-content-inner-wrapper\">\n\t\t<p class=\"premium-blog-post-content\">CERVEJEIRA CONSUL TITANIUM VERTIAL, 82L &#8211; Conhe\u00e7a o vencedor Ol\u00e1, Galera Da Winpay!!! Conforme Regulamento, Chegamos Ao Resultado Atrav\u00e9s Do Concurso\u00a0N\u00ba 5700\u00a0Do \u2026<\/p>\t\t <\/div>\n\t\t \t\t\t\t\t\n\t\t\t\t<\/div>\n\t\t\t<\/div>\n\t\t<\/div>\n\n\t\t\t\t<div class=\"premium-blog-post-outer-container\" data-total=\"2\">\n\t\t\t<div class=\"premium-blog-post-container premium-blog-skin-classic\">\n\t\t\t\t\t\t\t\t\t<div class=\"premium-blog-thumb-effect-wrapper\">\n\t\t\t\t\t\t<div class=\"premium-blog-thumbnail-container premium-blog-zoomin-effect\">\n\t\t\t\t\t\t\t<img loading=\"lazy\" decoding=\"async\" width=\"768\" height=\"402\" src=\"https:\/\/winplay.com.br\/wp-content\/uploads\/2023\/02\/Ganhadora-07-2022-768x402.jpg\" class=\"attachment-medium_large size-medium_large wp-image-279\" alt=\"\" srcset=\"https:\/\/winplay.com.br\/wp-content\/uploads\/2023\/02\/Ganhadora-07-2022-768x402.jpg 768w, https:\/\/winplay.com.br\/wp-content\/uploads\/2023\/02\/Ganhadora-07-2022-300x157.jpg 300w, https:\/\/winplay.com.br\/wp-content\/uploads\/2023\/02\/Ganhadora-07-2022-1024x536.jpg 1024w, https:\/\/winplay.com.br\/wp-content\/uploads\/2023\/02\/Ganhadora-07-2022.jpg 1200w\" sizes=\"auto, (max-width: 768px) 100vw, 768px\" \/>\t\t\t\t\t\t<\/div>\n\t\t\t\t\t\t\t\t\t\t\t\t\t<div class=\"premium-blog-thumbnail-overlay\">\n\t\t\t\t\t\t\t\t<a class=\"elementor-icon\" href=\"https:\/\/winplay.com.br\/en\/xbox-series-s-500gb-controle-sem-fio-conheca-o-vencedora\/\" target=\"_self\" aria-hidden=\"true\"><span>XBOX Series S 500gb + Controle sem fio \u2013 Conhe\u00e7a o Vencedor(a)<\/span><\/a>\n\t\t\t\t\t\t\t<\/div>\n\t\t\t\t\t\t\t\t\t\t\t<\/div>\n\t\t\t\t\t\t\t\t\t\t\t\t<div class=\"premium-blog-content-wrapper\">\n\n\t\t\t\t\t<div class=\"premium-blog-inner-container\">\n\n\t\t\t\t\t\t\t\t\t\t\t\t\t\t<h2 class=\"premium-blog-entry-title\">\n\t\t\t<a href=\"https:\/\/winplay.com.br\/en\/xbox-series-s-500gb-controle-sem-fio-conheca-o-vencedora\/\" target=\"_self\">\n\t\t\t\tXBOX Series S 500gb + Controle sem fio \u2013 Conhe\u00e7a o Vencedor(a)\t\t\t<\/a>\n\t\t<\/h2>\n\t\t\t\t<div class=\"premium-blog-entry-meta\">\n\t\t\t\n\t\t\t\n\t\t\t\n\t\t\t\t\t<\/div>\n\t\t\n\t\t\t\t\t<\/div>\n\n\t\t\t\t\t\t\t<div class=\"premium-blob-content-inner-wrapper\">\n\t\t<p class=\"premium-blog-post-content\">XBOX SERIES S 500GB &#8211; Conhe\u00e7a o vencedor Ol\u00e1, Galera Da Winpay!!! Conforme Regulamento, Chegamos Ao Resultado Atrav\u00e9s Do Concurso N\u00ba\u00a05682\u00a0Do Dia \u2026<\/p>\t\t <\/div>\n\t\t \t\t\t\t\t\n\t\t\t\t<\/div>\n\t\t\t<\/div>\n\t\t<\/div>\n\n\t\t\t\t<div class=\"premium-blog-post-outer-container\" data-total=\"2\">\n\t\t\t<div class=\"premium-blog-post-container premium-blog-skin-classic\">\n\t\t\t\t\t\t\t\t\t<div class=\"premium-blog-thumb-effect-wrapper\">\n\t\t\t\t\t\t<div class=\"premium-blog-thumbnail-container premium-blog-zoomin-effect\">\n\t\t\t\t\t\t\t<img loading=\"lazy\" decoding=\"async\" width=\"768\" height=\"402\" src=\"https:\/\/winplay.com.br\/wp-content\/uploads\/2022\/05\/Ganhadora-05-2022-768x402.jpg\" class=\"attachment-medium_large size-medium_large wp-image-271\" alt=\"\" srcset=\"https:\/\/winplay.com.br\/wp-content\/uploads\/2022\/05\/Ganhadora-05-2022-768x402.jpg 768w, https:\/\/winplay.com.br\/wp-content\/uploads\/2022\/05\/Ganhadora-05-2022-300x157.jpg 300w, https:\/\/winplay.com.br\/wp-content\/uploads\/2022\/05\/Ganhadora-05-2022-1024x536.jpg 1024w, https:\/\/winplay.com.br\/wp-content\/uploads\/2022\/05\/Ganhadora-05-2022.jpg 1200w\" sizes=\"auto, (max-width: 768px) 100vw, 768px\" \/>\t\t\t\t\t\t<\/div>\n\t\t\t\t\t\t\t\t\t\t\t\t\t<div class=\"premium-blog-thumbnail-overlay\">\n\t\t\t\t\t\t\t\t<a class=\"elementor-icon\" href=\"https:\/\/winplay.com.br\/en\/robo-aspirador-mondial-conheca-o-vencedora\/\" target=\"_self\" aria-hidden=\"true\"><span>Rob\u00f4 aspirador Mondial \u2013 Conhe\u00e7a o Vencedor(a)<\/span><\/a>\n\t\t\t\t\t\t\t<\/div>\n\t\t\t\t\t\t\t\t\t\t\t<\/div>\n\t\t\t\t\t\t\t\t\t\t\t\t<div class=\"premium-blog-content-wrapper\">\n\n\t\t\t\t\t<div class=\"premium-blog-inner-container\">\n\n\t\t\t\t\t\t\t\t\t\t\t\t\t\t<h2 class=\"premium-blog-entry-title\">\n\t\t\t<a href=\"https:\/\/winplay.com.br\/en\/robo-aspirador-mondial-conheca-o-vencedora\/\" target=\"_self\">\n\t\t\t\tRob\u00f4 aspirador Mondial \u2013 Conhe\u00e7a o Vencedor(a)\t\t\t<\/a>\n\t\t<\/h2>\n\t\t\t\t<div class=\"premium-blog-entry-meta\">\n\t\t\t\n\t\t\t\n\t\t\t\n\t\t\t\t\t<\/div>\n\t\t\n\t\t\t\t\t<\/div>\n\n\t\t\t\t\t\t\t<div class=\"premium-blob-content-inner-wrapper\">\n\t\t<p class=\"premium-blog-post-content\">ROB\u00d4 ASPIRADOR MONDIAL &#8211; Conhe\u00e7a o vencedor Conforme Regulamento, Chegamos Ao Resultado Atrav\u00e9s Do Concurso N\u00ba&nbsp;5666&nbsp;Do Dia 25\/05\/2022, Da Loteria Federal. O \u2026<\/p>\t\t <\/div>\n\t\t \t\t\t\t\t\n\t\t\t\t<\/div>\n\t\t\t<\/div>\n\t\t<\/div>\n\n\t\t\t\t<div class=\"premium-blog-post-outer-container\" data-total=\"2\">\n\t\t\t<div class=\"premium-blog-post-container premium-blog-skin-classic\">\n\t\t\t\t\t\t\t\t\t<div class=\"premium-blog-thumb-effect-wrapper\">\n\t\t\t\t\t\t<div class=\"premium-blog-thumbnail-container premium-blog-zoomin-effect\">\n\t\t\t\t\t\t\t<img loading=\"lazy\" decoding=\"async\" width=\"768\" height=\"402\" src=\"https:\/\/winplay.com.br\/wp-content\/uploads\/2022\/04\/Ganhadora-04-2022-1-768x402.jpg\" class=\"attachment-medium_large size-medium_large wp-image-261\" alt=\"\" srcset=\"https:\/\/winplay.com.br\/wp-content\/uploads\/2022\/04\/Ganhadora-04-2022-1-768x402.jpg 768w, https:\/\/winplay.com.br\/wp-content\/uploads\/2022\/04\/Ganhadora-04-2022-1-300x157.jpg 300w, https:\/\/winplay.com.br\/wp-content\/uploads\/2022\/04\/Ganhadora-04-2022-1-1024x536.jpg 1024w, https:\/\/winplay.com.br\/wp-content\/uploads\/2022\/04\/Ganhadora-04-2022-1.jpg 1200w\" sizes=\"auto, (max-width: 768px) 100vw, 768px\" \/>\t\t\t\t\t\t<\/div>\n\t\t\t\t\t\t\t\t\t\t\t\t\t<div class=\"premium-blog-thumbnail-overlay\">\n\t\t\t\t\t\t\t\t<a class=\"elementor-icon\" href=\"https:\/\/winplay.com.br\/en\/notebook-cinza-intel-da-positivo-conheca-o-vencedora\/\" target=\"_self\" aria-hidden=\"true\"><span>Notebook Cinza Intel da Positivo \u2013 Conhe\u00e7a o Vencedor(a)<\/span><\/a>\n\t\t\t\t\t\t\t<\/div>\n\t\t\t\t\t\t\t\t\t\t\t<\/div>\n\t\t\t\t\t\t\t\t\t\t\t\t<div class=\"premium-blog-content-wrapper\">\n\n\t\t\t\t\t<div class=\"premium-blog-inner-container\">\n\n\t\t\t\t\t\t\t\t\t\t\t\t\t\t<h2 class=\"premium-blog-entry-title\">\n\t\t\t<a href=\"https:\/\/winplay.com.br\/en\/notebook-cinza-intel-da-positivo-conheca-o-vencedora\/\" target=\"_self\">\n\t\t\t\tNotebook Cinza Intel da Positivo \u2013 Conhe\u00e7a o Vencedor(a)\t\t\t<\/a>\n\t\t<\/h2>\n\t\t\t\t<div class=\"premium-blog-entry-meta\">\n\t\t\t\n\t\t\t\n\t\t\t\n\t\t\t\t\t<\/div>\n\t\t\n\t\t\t\t\t<\/div>\n\n\t\t\t\t\t\t\t<div class=\"premium-blob-content-inner-wrapper\">\n\t\t<p class=\"premium-blog-post-content\">NOTEBOOK INTEL POSITIVO &#8211; Conhe\u00e7a o vencedor Conforme Regulamento, Chegamos Ao Resultado Atrav\u00e9s Do Concurso N\u00ba&nbsp;5656&nbsp;Do Dia 20\/04\/2022, Da Loteria Federal. O \u2026<\/p>\t\t <\/div>\n\t\t \t\t\t\t\t\n\t\t\t\t<\/div>\n\t\t\t<\/div>\n\t\t<\/div>\n\n\t\t\t\t<\/div>\r\n\r\n\t\t\t\t<div class=\"premium-blog-footer\">\r\n\t\t\t\t\t\t<nav class=\"premium-blog-pagination-container\" role=\"navigation\" aria-label=\"Pagination\">\n\t\t\t\t<span aria-current=\"page\" class=\"page-numbers current\">1<\/span>\n<a class=\"page-numbers\" href=\"https:\/\/winplay.com.br\/en\/wp-json\/wp\/v2\/pages\/91\/page\/2\/\">2<\/a>\n<a class=\"next page-numbers\" href=\"https:\/\/winplay.com.br\/en\/wp-json\/wp\/v2\/pages\/91\/page\/2\/\">Pr\u00f3ximo \u00bb<\/a>\t\t\t<\/nav>\n\t\t\t\t\t<\/div>\r\n\t\t\t\t\t<\/div>\n\t\t\t\t<\/div>\n\t\t\t\t\t<\/div>\n\t\t<\/div>\n\t\t\t\t<div class=\"elementor-column elementor-col-33 elementor-top-column elementor-element elementor-element-66cd3ddc\" data-id=\"66cd3ddc\" data-element_type=\"column\">\n\t\t\t<div class=\"elementor-widget-wrap elementor-element-populated\">\n\t\t\t\t\t\t\t\t<div class=\"elementor-element elementor-element-53399f04 elementor-widget elementor-widget-sidebar\" data-id=\"53399f04\" data-element_type=\"widget\" data-widget_type=\"sidebar.default\">\n\t\t\t\t<div class=\"elementor-widget-container\">\n\t\t\t<section id=\"block-3\" class=\"widget widget_block\">\n<div class=\"wp-block-group\"><div class=\"wp-block-group__inner-container is-layout-flow wp-block-group-is-layout-flow\">\n<h2 class=\"wp-block-heading\">Pr\u00eamios recentes<\/h2>\n\n\n<ul class=\"wp-block-latest-posts__list wp-block-latest-posts\"><li><a class=\"wp-block-latest-posts__post-title\" href=\"https:\/\/winplay.com.br\/en\/forno-eletrico-britania-com-dourador-40l\/\">Forno el\u00e9trico Brit\u00e2nia com dourador 40L<\/a><\/li>\n<li><a class=\"wp-block-latest-posts__post-title\" href=\"https:\/\/winplay.com.br\/en\/ar-condicionado-split-9-000btus\/\">Ar-condicionado Split 9.000BTUs<\/a><\/li>\n<li><a class=\"wp-block-latest-posts__post-title\" href=\"https:\/\/winplay.com.br\/en\/cervejeira-consul-titanium-vertial-82l-conheca-o-vencedora\/\">Cervejeira Consul Titanium Vertial, 82L \u2013 Conhe\u00e7a o Vencedor(a)<\/a><\/li>\n<li><a class=\"wp-block-latest-posts__post-title\" href=\"https:\/\/winplay.com.br\/en\/xbox-series-s-500gb-controle-sem-fio-conheca-o-vencedora\/\">XBOX Series S 500gb + Controle sem fio \u2013 Conhe\u00e7a o Vencedor(a)<\/a><\/li>\n<li><a class=\"wp-block-latest-posts__post-title\" href=\"https:\/\/winplay.com.br\/en\/robo-aspirador-mondial-conheca-o-vencedora\/\">Rob\u00f4 aspirador Mondial \u2013 Conhe\u00e7a o Vencedor(a)<\/a><\/li>\n<\/ul><\/div><\/div>\n<\/section><section id=\"block-4\" class=\"widget widget_block\">\n<div class=\"wp-block-group\"><div class=\"wp-block-group__inner-container is-layout-flow wp-block-group-is-layout-flow\"><\/div><\/div>\n<\/section>\t\t<\/div>\n\t\t\t\t<\/div>\n\t\t\t\t\t<\/div>\n\t\t<\/div>\n\t\t\t\t\t\t\t<\/div>\n\t\t<\/section>\n\t\t\t\t\t\t\t<\/div>","protected":false},"excerpt":{"rendered":"<p>conhe\u00e7a os ganhadores Forno el\u00e9trico Brit\u00e2nia com dourador 40L Forno el\u00e9trico Brit\u00e2nia &#8211; 40L Ol\u00e1, galera da Winpay!!! Conforme regulamento, chegamos ao resultado atrav\u00e9s do concurso\u00a0N\u00ba 5734\u00a0do dia 25\/01\/2023, da loteria \u2026 Ar-condicionado Split 9.000BTUs AR-CONDICIONADO SPLIT AGRATTO &#8211; 9.000 BTUS Ol\u00e1, Galera Da Winpay!!! Conforme Regulamento, Chegamos Ao Resultado Atrav\u00e9s Do Concurso\u00a0N\u00ba 5722\u00a0Do Dia&#8230;<\/p>","protected":false},"author":1,"featured_media":0,"parent":0,"menu_order":0,"comment_status":"closed","ping_status":"closed","template":"","meta":{"_kad_post_transparent":"","_kad_post_title":"hide","_kad_post_layout":"fullwidth","_kad_post_sidebar_id":"","_kad_post_content_style":"unboxed","_kad_post_vertical_padding":"hide","_kad_post_feature":"hide","_kad_post_feature_position":"","_kad_post_header":false,"_kad_post_footer":false,"footnotes":""},"class_list":["post-91","page","type-page","status-publish","hentry"],"_links":{"self":[{"href":"https:\/\/winplay.com.br\/en\/wp-json\/wp\/v2\/pages\/91","targetHints":{"allow":["GET"]}}],"collection":[{"href":"https:\/\/winplay.com.br\/en\/wp-json\/wp\/v2\/pages"}],"about":[{"href":"https:\/\/winplay.com.br\/en\/wp-json\/wp\/v2\/types\/page"}],"author":[{"embeddable":true,"href":"https:\/\/winplay.com.br\/en\/wp-json\/wp\/v2\/users\/1"}],"replies":[{"embeddable":true,"href":"https:\/\/winplay.com.br\/en\/wp-json\/wp\/v2\/comments?post=91"}],"version-history":[{"count":7,"href":"https:\/\/winplay.com.br\/en\/wp-json\/wp\/v2\/pages\/91\/revisions"}],"predecessor-version":[{"id":334,"href":"https:\/\/winplay.com.br\/en\/wp-json\/wp\/v2\/pages\/91\/revisions\/334"}],"wp:attachment":[{"href":"https:\/\/winplay.com.br\/en\/wp-json\/wp\/v2\/media?parent=91"}],"curies":[{"name":"wp","href":"https:\/\/api.w.org\/{rel}","templated":true}]}}